{"id":402,"date":"2025-05-23T19:12:07","date_gmt":"2025-05-23T22:12:07","guid":{"rendered":"https:\/\/laboratory-uc.urantiacos.cl\/publicaciones\/"},"modified":"2025-12-08T19:06:59","modified_gmt":"2025-12-08T22:06:59","slug":"publicaciones","status":"publish","type":"page","link":"https:\/\/laboratory-uc.urantiacos.cl\/es\/publicaciones\/","title":{"rendered":"Publicaciones"},"content":{"rendered":"<div id=\"pl-402\"  class=\"panel-layout\" ><div id=\"pg-402-0\"  class=\"container\" ><div class=\"row panel-row-style panel-row-style-for-402-0\" ><div id=\"pgc-402-0-0\"  class=\"col-12\" ><div id=\"panel-402-0-0-0\" class=\"so-panel widget widget_sow-publicaciones-uc panel-first-child panel-last-child\" data-index=\"0\" ><div\n\t\t\t\n\t\t\tclass=\"so-widget-sow-publicaciones-uc so-widget-sow-publicaciones-uc-default-d75171398898-402\"\n\t\t\t\n\t\t>\n    \n<form action=\"#\" method=\"GET\">\n    <div class=\"uc-filters justify-content-between mb-20\">\n        <div class=\"uc-form-group label-inline no-margin w-100\">\n            <label for=\"keyword\">Palabra clave<\/label>\n            <input type=\"text\" name=\"keyword\" id=\"keyword\" class=\"uc-input-style w-icon search\" placeholder=\"Buscar\" value=\"\">\n        <\/div>\n        <div class=\"uc-form-group label-inline no-margin w-100\">\n            <label for=\"anio\">A\u00f1o:<\/label>\n            <select name=\"anio\" id=\"anio\" class=\"uc-input-style\">\n                <option value=\"\">Todos<\/option>\n                                    <option value=\"2024\"  >2024<\/option>\n                                    <option value=\"2022\"  >2022<\/option>\n                                    <option value=\"2021\"  >2021<\/option>\n                                    <option value=\"2020\"  >2020<\/option>\n                                    <option value=\"2019\"  >2019<\/option>\n                                    <option value=\"2018\"  >2018<\/option>\n                                    <option value=\"2017\"  >2017<\/option>\n                                    <option value=\"2016\"  >2016<\/option>\n                                    <option value=\"2015\"  >2015<\/option>\n                                    <option value=\"2014\"  >2014<\/option>\n                                    <option value=\"2013\"  >2013<\/option>\n                                    <option value=\"2012\"  >2012<\/option>\n                                    <option value=\"2011\"  >2011<\/option>\n                                    <option value=\"2009\"  >2009<\/option>\n                                    <option value=\"2008\"  >2008<\/option>\n                                    <option value=\"2006\"  >2006<\/option>\n                                    <option value=\"2005\"  >2005<\/option>\n                            <\/select>\n        <\/div>\n        <div class=\"uc-form-group no-margin\">\n            <button type=\"submit\" class=\"uc-btn btn-primary\">Buscar<\/button>\n        <\/div>\n    <\/div>\n<\/form>\n    <div class=\"subheading-container my-24\"><h2 class=\"h3\"> List of publications    <\/h2><div class=\"uc-heading-decoration\"><\/div><\/div>\n\n\n    <div class=\"row\">\n                    <div class=\"col-md-4 col-sm-6 col-12 mb-32\">\n                <div class=\"uc-card card-height--same uc-card--no-interaction\">\n    <div class=\"uc-card_body\">\n        <h3 class=\"p text-size--sm text-weight--regular\">\n            Araya-Barr, A.; Garc\u00eda, G.; Arias-Camacho, I.; Espinoza, C.; Lee, B.J.; Ramos-Moore, E.. Second nearest neighbor modified embedded atom method interatomic potentials for TiCxN1\u2212x ternary systems. Comput. Mater. Sci, <b>2024<\/b>, 112615, 231, doi:10.1016\/j.commatsci.2023.112615        <\/h3>\n        <div class=\"uc-text-divider divider-primary my-12\"><\/div>\n        <!-- <p class=\"mt-auto\">\n            <a href=\"https:\/\/laboratory-uc.urantiacos.cl\/es\/publicacion\/second-nearest-neighbor-modified-embedded-atom-method-interatomic-potentials-for-ticxn1%e2%88%92x-ternary-systems\/\" class=\"uc-btn btn-primary\">\n                M\u00e1s Informaci\u00f3n                <i class=\"uc-icon icon-shape--rounded\">arrow_forward<\/i>\n            <\/a>\n        <\/p> -->\n    <\/div>\n<\/div>            <\/div>\n                    <div class=\"col-md-4 col-sm-6 col-12 mb-32\">\n                <div class=\"uc-card card-height--same uc-card--no-interaction\">\n    <div class=\"uc-card_body\">\n        <h3 class=\"p text-size--sm text-weight--regular\">\n            Caro-lara, L.; Vargas, I.T.; Ramos-moore, E.; Galarce, C.; Diaz-droguett, D.; Pizarro, G.E.. Enhancing the contact-killing effect of copper by surface laser texturing. J. Environ. Chem. Eng, <b>2022<\/b>, 108497, 10, doi:10.1016\/j.jece.2022.108497.        <\/h3>\n        <div class=\"uc-text-divider divider-primary my-12\"><\/div>\n        <!-- <p class=\"mt-auto\">\n            <a href=\"https:\/\/laboratory-uc.urantiacos.cl\/es\/publicacion\/enhancing-the-contact-killing-effect-of-copper-by-surface-laser-texturing\/\" class=\"uc-btn btn-primary\">\n                M\u00e1s Informaci\u00f3n                <i class=\"uc-icon icon-shape--rounded\">arrow_forward<\/i>\n            <\/a>\n        <\/p> -->\n    <\/div>\n<\/div>            <\/div>\n                    <div class=\"col-md-4 col-sm-6 col-12 mb-32\">\n                <div class=\"uc-card card-height--same uc-card--no-interaction\">\n    <div class=\"uc-card_body\">\n        <h3 class=\"p text-size--sm text-weight--regular\">\n            Catal\u00e1n, N.; Ramos-Moore, E.; Boccardo, A.; Celentano, D.. Surface Laser Treatment of Cast Irons: A Review. Metals (Basel), <b>2022<\/b>, 562, 12, doi:10.3390\/met12040562        <\/h3>\n        <div class=\"uc-text-divider divider-primary my-12\"><\/div>\n        <!-- <p class=\"mt-auto\">\n            <a href=\"https:\/\/laboratory-uc.urantiacos.cl\/es\/publicacion\/surface-laser-treatment-of-cast-irons-a-review\/\" class=\"uc-btn btn-primary\">\n                M\u00e1s Informaci\u00f3n                <i class=\"uc-icon icon-shape--rounded\">arrow_forward<\/i>\n            <\/a>\n        <\/p> -->\n    <\/div>\n<\/div>            <\/div>\n                    <div class=\"col-md-4 col-sm-6 col-12 mb-32\">\n                <div class=\"uc-card card-height--same uc-card--no-interaction\">\n    <div class=\"uc-card_body\">\n        <h3 class=\"p text-size--sm text-weight--regular\">\n            Ramos-Moore, E.; Rosenkranz, A.; Diaz-Droguett, D.E.; Espinoza, C.; El Azahri, I.; M\u00fccklich, F. Influence of crystallographic texture on friction in \u03b1-Al2O3\/Ti(C,N) ceramic tool coatings. Ceram. Int., <b>2022<\/b>, 34571\u201334575, 48, doi:10.1016\/j.ceramint.2022.08.043        <\/h3>\n        <div class=\"uc-text-divider divider-primary my-12\"><\/div>\n        <!-- <p class=\"mt-auto\">\n            <a href=\"https:\/\/laboratory-uc.urantiacos.cl\/es\/publicacion\/influence-of-crystallographic-texture-on-friction-in-%ce%b1-al2o3-ticn-ceramic-tool-coatings\/\" class=\"uc-btn btn-primary\">\n                M\u00e1s Informaci\u00f3n                <i class=\"uc-icon icon-shape--rounded\">arrow_forward<\/i>\n            <\/a>\n        <\/p> -->\n    <\/div>\n<\/div>            <\/div>\n                    <div class=\"col-md-4 col-sm-6 col-12 mb-32\">\n                <div class=\"uc-card card-height--same uc-card--no-interaction\">\n    <div class=\"uc-card_body\">\n        <h3 class=\"p text-size--sm text-weight--regular\">\n            Espinoza, C.; Ramos-Moore, E.; Celentano, D.. Effect of microstructure on thermoelastic stresses in Al2O3\/Ti(C,N,O)\/Ti(C,N) coating systems studied by Finite Element Method simulations. Mater. Lett., <b>2021<\/b>, 129777, 295, doi:10.1016\/j.matlet.2021.129777        <\/h3>\n        <div class=\"uc-text-divider divider-primary my-12\"><\/div>\n        <!-- <p class=\"mt-auto\">\n            <a href=\"https:\/\/laboratory-uc.urantiacos.cl\/es\/publicacion\/effect-of-microstructure-on-thermoelastic-stresses-in-al2o3-ticno-ticn-coating-systems-studied-by-finite-element-method-simulations\/\" class=\"uc-btn btn-primary\">\n                M\u00e1s Informaci\u00f3n                <i class=\"uc-icon icon-shape--rounded\">arrow_forward<\/i>\n            <\/a>\n        <\/p> -->\n    <\/div>\n<\/div>            <\/div>\n                    <div class=\"col-md-4 col-sm-6 col-12 mb-32\">\n                <div class=\"uc-card card-height--same uc-card--no-interaction\">\n    <div class=\"uc-card_body\">\n        <h3 class=\"p text-size--sm text-weight--regular\">\n            Catal\u00e1n, N.; Ramos-Moore, E.; Boccardo, A.; Celentano, D.; Alam, N.; Walczak, M.; Gunasegaram, D.. Surface Laser Treatment on Ferritic Ductile Iron: Effect of Linear Energy on Microstructure, Chemical Composition, and Hardness. Metall. Mater. Trans. B Process Metall. Mater. Process. Sci., <b>2021<\/b>, 755\u2013763, 52, doi:10.1007\/s11663-020-02050-0        <\/h3>\n        <div class=\"uc-text-divider divider-primary my-12\"><\/div>\n        <!-- <p class=\"mt-auto\">\n            <a href=\"https:\/\/laboratory-uc.urantiacos.cl\/es\/publicacion\/surface-laser-treatment-on-ferritic-ductile-iron-effect-of-linear-energy-on-microstructure-chemical-composition-and-hardness\/\" class=\"uc-btn btn-primary\">\n                M\u00e1s Informaci\u00f3n                <i class=\"uc-icon icon-shape--rounded\">arrow_forward<\/i>\n            <\/a>\n        <\/p> -->\n    <\/div>\n<\/div>            <\/div>\n                    <div class=\"col-md-4 col-sm-6 col-12 mb-32\">\n                <div class=\"uc-card card-height--same uc-card--no-interaction\">\n    <div class=\"uc-card_body\">\n        <h3 class=\"p text-size--sm text-weight--regular\">\n            Ramos-Moore, E.; Hoffmann, J.; Siqueira, R.H.M.; de Carvalho, S.M.; de Lima, M.S.F.; Celentano, D.J.. Experimental and simulation analysis of effects of laser bending on microstructures applied to advanced metallic alloys.. Metals (Basel), <b>2021<\/b>, 1\u201312, 11, doi:10.3390\/met11020362        <\/h3>\n        <div class=\"uc-text-divider divider-primary my-12\"><\/div>\n        <!-- <p class=\"mt-auto\">\n            <a href=\"https:\/\/laboratory-uc.urantiacos.cl\/es\/publicacion\/experimental-and-simulation-analysis-of-effects-of-laser-bending-on-microstructures-applied-to-advanced-metallic-alloys\/\" class=\"uc-btn btn-primary\">\n                M\u00e1s Informaci\u00f3n                <i class=\"uc-icon icon-shape--rounded\">arrow_forward<\/i>\n            <\/a>\n        <\/p> -->\n    <\/div>\n<\/div>            <\/div>\n                    <div class=\"col-md-4 col-sm-6 col-12 mb-32\">\n                <div class=\"uc-card card-height--same uc-card--no-interaction\">\n    <div class=\"uc-card_body\">\n        <h3 class=\"p text-size--sm text-weight--regular\">\n            Boccardo, A.D.; Catal\u00e1n, N.; Celentano, D.J.; Ramos-Moore, E.. A Thermo-metallurgical Model for Laser Surface Engineering Treatment of Nodular Cast Iron.. Metall. Mater. Trans. B Process Metall. Mater. Process. Sci., <b>2021<\/b>, 854\u2013870, 52, doi:10.1007\/s11663-021-02058-0        <\/h3>\n        <div class=\"uc-text-divider divider-primary my-12\"><\/div>\n        <!-- <p class=\"mt-auto\">\n            <a href=\"https:\/\/laboratory-uc.urantiacos.cl\/es\/publicacion\/a-thermo-metallurgical-model-for-laser-surface-engineering-treatment-of-nodular-cast-iron\/\" class=\"uc-btn btn-primary\">\n                M\u00e1s Informaci\u00f3n                <i class=\"uc-icon icon-shape--rounded\">arrow_forward<\/i>\n            <\/a>\n        <\/p> -->\n    <\/div>\n<\/div>            <\/div>\n                    <div class=\"col-md-4 col-sm-6 col-12 mb-32\">\n                <div class=\"uc-card card-height--same uc-card--no-interaction\">\n    <div class=\"uc-card_body\">\n        <h3 class=\"p text-size--sm text-weight--regular\">\n            Caro-Lara, L.; Ramos-Moore, E.; Vargas, I.T.; Walczak, M.; Fuentes, C.; G\u00f3mez, A. V.; Barrera, N.P.; Castillo, J.; Pizarro, G.. Initial adhesion suppression of biofilm-forming and copper-tolerant bacterium Variovorax sp. on laser microtextured copper surfaces.. Colloids Surfaces B Biointerfaces, <b>2021<\/b>, , 202, doi:10.1016\/j.colsurfb.2021.111656        <\/h3>\n        <div class=\"uc-text-divider divider-primary my-12\"><\/div>\n        <!-- <p class=\"mt-auto\">\n            <a href=\"https:\/\/laboratory-uc.urantiacos.cl\/es\/publicacion\/initial-adhesion-suppression-of-biofilm-forming-and-copper-tolerant-bacterium-variovorax-sp-on-laser-microtextured-copper-surfaces\/\" class=\"uc-btn btn-primary\">\n                M\u00e1s Informaci\u00f3n                <i class=\"uc-icon icon-shape--rounded\">arrow_forward<\/i>\n            <\/a>\n        <\/p> -->\n    <\/div>\n<\/div>            <\/div>\n            <\/div>\n\n            <nav class=\"uc-pagination\"><a class=\"page-link\" href=\"https:\/\/laboratory-uc.urantiacos.cl\/es\/wp-json\/wp\/v2\/pages\/402\/\"><i class=\"hero-icon\"><svg xmlns=\"http:\/\/www.w3.org\/2000\/svg\" class=\"h-6 w-6\" fill=\"none\" viewBox=\"0 0 24 24\" stroke=\"currentColor\" stroke-width=\"2\"><path stroke-linecap=\"round\" stroke-linejoin=\"round\" d=\"M15 19l-7-7 7-7\" \/><\/svg><\/i><\/a><ul class=\"uc-pagination_pages\"><li class=\"page-item active\"><a class=\"page-link\" href=\"https:\/\/laboratory-uc.urantiacos.cl\/es\/wp-json\/wp\/v2\/pages\/402\/\">1<\/a><\/li><li class=\"page-item\"><a class=\"page-link\" href=\"https:\/\/laboratory-uc.urantiacos.cl\/es\/wp-json\/wp\/v2\/pages\/402\/page\/2\/\">2<\/a><\/li><li class=\"page-item\"><a class=\"page-link\" href=\"https:\/\/laboratory-uc.urantiacos.cl\/es\/wp-json\/wp\/v2\/pages\/402\/page\/3\/\">3<\/a><\/li><li class=\"page-item\"><a class=\"page-link\" href=\"https:\/\/laboratory-uc.urantiacos.cl\/es\/wp-json\/wp\/v2\/pages\/402\/page\/4\/\">4<\/a><\/li><li class=\"page-item\">&hellip;<\/li><li class=\"page-item\"><a class=\"page-link\" href=\"https:\/\/laboratory-uc.urantiacos.cl\/es\/wp-json\/wp\/v2\/pages\/402\/page\/6\/\">6<\/a><\/li><li class=\"uc-pagination_next\"><a class=\"page-link\" href=\"https:\/\/laboratory-uc.urantiacos.cl\/es\/wp-json\/wp\/v2\/pages\/402\/page\/2\/\"><i class=\"hero-icon\"><svg xmlns=\"http:\/\/www.w3.org\/2000\/svg\" class=\"h-6 w-6\" fill=\"none\" viewBox=\"0 0 24 24\" stroke=\"currentColor\" stroke-width=\"2\"><path stroke-linecap=\"round\" stroke-linejoin=\"round\" d=\"M9 5l7 7-7 7\" \/><\/svg><\/i><\/a><\/li><\/ul><\/nav>    \n<\/div><\/div><\/div><\/div><\/div><\/div>","protected":false},"excerpt":{"rendered":"","protected":false},"author":1,"featured_media":168,"parent":0,"menu_order":0,"comment_status":"closed","ping_status":"closed","template":"","meta":{"footnotes":""},"class_list":["post-402","page","type-page","status-publish","has-post-thumbnail","hentry"],"yoast_head":"<!-- This site is optimized with the Yoast SEO plugin v26.7 - https:\/\/yoast.com\/wordpress\/plugins\/seo\/ -->\n<title>Publicaciones<\/title>\n<meta name=\"description\" content=\"Acceda a art\u00edculos de investigaci\u00f3n y art\u00edculos cient\u00edficos sobre superficies de materiales avanzados, recubrimientos y funcionalizaci\u00f3n texturizada por l\u00e1ser.\" \/>\n<meta name=\"robots\" content=\"index, follow, max-snippet:-1, max-image-preview:large, max-video-preview:-1\" \/>\n<link rel=\"canonical\" href=\"https:\/\/laboratory-uc.urantiacos.cl\/es\/publicaciones\/\" \/>\n<meta property=\"og:locale\" content=\"es_ES\" \/>\n<meta property=\"og:type\" content=\"article\" \/>\n<meta property=\"og:title\" content=\"Publicaciones\" \/>\n<meta property=\"og:description\" content=\"Acceda a art\u00edculos de investigaci\u00f3n y art\u00edculos cient\u00edficos sobre superficies de materiales avanzados, recubrimientos y funcionalizaci\u00f3n texturizada por l\u00e1ser.\" \/>\n<meta property=\"og:url\" content=\"https:\/\/laboratory-uc.urantiacos.cl\/es\/publicaciones\/\" \/>\n<meta property=\"og:site_name\" content=\"Laboratorio de Funcionalizaci\u00f3n de Superficies\" \/>\n<meta property=\"article:modified_time\" content=\"2025-12-08T22:06:59+00:00\" \/>\n<meta property=\"og:image\" content=\"https:\/\/laboratory-uc.urantiacos.cl\/wp-content\/uploads\/2025\/05\/Publications.jpg\" \/>\n\t<meta property=\"og:image:width\" content=\"1440\" \/>\n\t<meta property=\"og:image:height\" content=\"446\" \/>\n\t<meta property=\"og:image:type\" content=\"image\/jpeg\" \/>\n<meta name=\"twitter:card\" content=\"summary_large_image\" \/>\n<script type=\"application\/ld+json\" class=\"yoast-schema-graph\">{\"@context\":\"https:\/\/schema.org\",\"@graph\":[{\"@type\":\"WebPage\",\"@id\":\"https:\/\/laboratory-uc.urantiacos.cl\/es\/publicaciones\/\",\"url\":\"https:\/\/laboratory-uc.urantiacos.cl\/es\/publicaciones\/\",\"name\":\"Publicaciones\",\"isPartOf\":{\"@id\":\"https:\/\/laboratory-uc.urantiacos.cl\/es\/#website\"},\"primaryImageOfPage\":{\"@id\":\"https:\/\/laboratory-uc.urantiacos.cl\/es\/publicaciones\/#primaryimage\"},\"image\":{\"@id\":\"https:\/\/laboratory-uc.urantiacos.cl\/es\/publicaciones\/#primaryimage\"},\"thumbnailUrl\":\"https:\/\/laboratory-uc.urantiacos.cl\/wp-content\/uploads\/2025\/05\/Publications.jpg\",\"datePublished\":\"2025-05-23T22:12:07+00:00\",\"dateModified\":\"2025-12-08T22:06:59+00:00\",\"description\":\"Acceda a art\u00edculos de investigaci\u00f3n y art\u00edculos cient\u00edficos sobre superficies de materiales avanzados, recubrimientos y funcionalizaci\u00f3n texturizada por l\u00e1ser.\",\"breadcrumb\":{\"@id\":\"https:\/\/laboratory-uc.urantiacos.cl\/es\/publicaciones\/#breadcrumb\"},\"inLanguage\":\"es\",\"potentialAction\":[{\"@type\":\"ReadAction\",\"target\":[\"https:\/\/laboratory-uc.urantiacos.cl\/es\/publicaciones\/\"]}]},{\"@type\":\"ImageObject\",\"inLanguage\":\"es\",\"@id\":\"https:\/\/laboratory-uc.urantiacos.cl\/es\/publicaciones\/#primaryimage\",\"url\":\"https:\/\/laboratory-uc.urantiacos.cl\/wp-content\/uploads\/2025\/05\/Publications.jpg\",\"contentUrl\":\"https:\/\/laboratory-uc.urantiacos.cl\/wp-content\/uploads\/2025\/05\/Publications.jpg\",\"width\":1440,\"height\":446,\"caption\":\"Equipo de investigaci\u00f3n trabajando en conjunto para resolver problemas matem\u00e1ticos en un tablero transparente.\"},{\"@type\":\"BreadcrumbList\",\"@id\":\"https:\/\/laboratory-uc.urantiacos.cl\/es\/publicaciones\/#breadcrumb\",\"itemListElement\":[{\"@type\":\"ListItem\",\"position\":1,\"name\":\"Inicio\",\"item\":\"https:\/\/laboratory-uc.urantiacos.cl\/es\/inicio\/\"},{\"@type\":\"ListItem\",\"position\":2,\"name\":\"Publicaciones\"}]},{\"@type\":\"WebSite\",\"@id\":\"https:\/\/laboratory-uc.urantiacos.cl\/es\/#website\",\"url\":\"https:\/\/laboratory-uc.urantiacos.cl\/es\/\",\"name\":\"Laboratorio de Funcionalizaci\u00f3n de Superficies\",\"description\":\"\",\"potentialAction\":[{\"@type\":\"SearchAction\",\"target\":{\"@type\":\"EntryPoint\",\"urlTemplate\":\"https:\/\/laboratory-uc.urantiacos.cl\/es\/?s={search_term_string}\"},\"query-input\":{\"@type\":\"PropertyValueSpecification\",\"valueRequired\":true,\"valueName\":\"search_term_string\"}}],\"inLanguage\":\"es\"}]}<\/script>\n<!-- \/ Yoast SEO plugin. -->","yoast_head_json":{"title":"Publicaciones","description":"Acceda a art\u00edculos de investigaci\u00f3n y art\u00edculos cient\u00edficos sobre superficies de materiales avanzados, recubrimientos y funcionalizaci\u00f3n texturizada por l\u00e1ser.","robots":{"index":"index","follow":"follow","max-snippet":"max-snippet:-1","max-image-preview":"max-image-preview:large","max-video-preview":"max-video-preview:-1"},"canonical":"https:\/\/laboratory-uc.urantiacos.cl\/es\/publicaciones\/","og_locale":"es_ES","og_type":"article","og_title":"Publicaciones","og_description":"Acceda a art\u00edculos de investigaci\u00f3n y art\u00edculos cient\u00edficos sobre superficies de materiales avanzados, recubrimientos y funcionalizaci\u00f3n texturizada por l\u00e1ser.","og_url":"https:\/\/laboratory-uc.urantiacos.cl\/es\/publicaciones\/","og_site_name":"Laboratorio de Funcionalizaci\u00f3n de Superficies","article_modified_time":"2025-12-08T22:06:59+00:00","og_image":[{"width":1440,"height":446,"url":"https:\/\/laboratory-uc.urantiacos.cl\/wp-content\/uploads\/2025\/05\/Publications.jpg","type":"image\/jpeg"}],"twitter_card":"summary_large_image","schema":{"@context":"https:\/\/schema.org","@graph":[{"@type":"WebPage","@id":"https:\/\/laboratory-uc.urantiacos.cl\/es\/publicaciones\/","url":"https:\/\/laboratory-uc.urantiacos.cl\/es\/publicaciones\/","name":"Publicaciones","isPartOf":{"@id":"https:\/\/laboratory-uc.urantiacos.cl\/es\/#website"},"primaryImageOfPage":{"@id":"https:\/\/laboratory-uc.urantiacos.cl\/es\/publicaciones\/#primaryimage"},"image":{"@id":"https:\/\/laboratory-uc.urantiacos.cl\/es\/publicaciones\/#primaryimage"},"thumbnailUrl":"https:\/\/laboratory-uc.urantiacos.cl\/wp-content\/uploads\/2025\/05\/Publications.jpg","datePublished":"2025-05-23T22:12:07+00:00","dateModified":"2025-12-08T22:06:59+00:00","description":"Acceda a art\u00edculos de investigaci\u00f3n y art\u00edculos cient\u00edficos sobre superficies de materiales avanzados, recubrimientos y funcionalizaci\u00f3n texturizada por l\u00e1ser.","breadcrumb":{"@id":"https:\/\/laboratory-uc.urantiacos.cl\/es\/publicaciones\/#breadcrumb"},"inLanguage":"es","potentialAction":[{"@type":"ReadAction","target":["https:\/\/laboratory-uc.urantiacos.cl\/es\/publicaciones\/"]}]},{"@type":"ImageObject","inLanguage":"es","@id":"https:\/\/laboratory-uc.urantiacos.cl\/es\/publicaciones\/#primaryimage","url":"https:\/\/laboratory-uc.urantiacos.cl\/wp-content\/uploads\/2025\/05\/Publications.jpg","contentUrl":"https:\/\/laboratory-uc.urantiacos.cl\/wp-content\/uploads\/2025\/05\/Publications.jpg","width":1440,"height":446,"caption":"Equipo de investigaci\u00f3n trabajando en conjunto para resolver problemas matem\u00e1ticos en un tablero transparente."},{"@type":"BreadcrumbList","@id":"https:\/\/laboratory-uc.urantiacos.cl\/es\/publicaciones\/#breadcrumb","itemListElement":[{"@type":"ListItem","position":1,"name":"Inicio","item":"https:\/\/laboratory-uc.urantiacos.cl\/es\/inicio\/"},{"@type":"ListItem","position":2,"name":"Publicaciones"}]},{"@type":"WebSite","@id":"https:\/\/laboratory-uc.urantiacos.cl\/es\/#website","url":"https:\/\/laboratory-uc.urantiacos.cl\/es\/","name":"Laboratorio de Funcionalizaci\u00f3n de Superficies","description":"","potentialAction":[{"@type":"SearchAction","target":{"@type":"EntryPoint","urlTemplate":"https:\/\/laboratory-uc.urantiacos.cl\/es\/?s={search_term_string}"},"query-input":{"@type":"PropertyValueSpecification","valueRequired":true,"valueName":"search_term_string"}}],"inLanguage":"es"}]}},"_links":{"self":[{"href":"https:\/\/laboratory-uc.urantiacos.cl\/es\/wp-json\/wp\/v2\/pages\/402","targetHints":{"allow":["GET"]}}],"collection":[{"href":"https:\/\/laboratory-uc.urantiacos.cl\/es\/wp-json\/wp\/v2\/pages"}],"about":[{"href":"https:\/\/laboratory-uc.urantiacos.cl\/es\/wp-json\/wp\/v2\/types\/page"}],"author":[{"embeddable":true,"href":"https:\/\/laboratory-uc.urantiacos.cl\/es\/wp-json\/wp\/v2\/users\/1"}],"replies":[{"embeddable":true,"href":"https:\/\/laboratory-uc.urantiacos.cl\/es\/wp-json\/wp\/v2\/comments?post=402"}],"version-history":[{"count":1,"href":"https:\/\/laboratory-uc.urantiacos.cl\/es\/wp-json\/wp\/v2\/pages\/402\/revisions"}],"predecessor-version":[{"id":403,"href":"https:\/\/laboratory-uc.urantiacos.cl\/es\/wp-json\/wp\/v2\/pages\/402\/revisions\/403"}],"wp:featuredmedia":[{"embeddable":true,"href":"https:\/\/laboratory-uc.urantiacos.cl\/es\/wp-json\/wp\/v2\/media\/168"}],"wp:attachment":[{"href":"https:\/\/laboratory-uc.urantiacos.cl\/es\/wp-json\/wp\/v2\/media?parent=402"}],"curies":[{"name":"wp","href":"https:\/\/api.w.org\/{rel}","templated":true}]}}