{"id":404,"date":"2025-05-23T19:11:49","date_gmt":"2025-05-23T22:11:49","guid":{"rendered":"https:\/\/laboratory-uc.urantiacos.cl\/proyectos\/"},"modified":"2025-05-23T19:11:49","modified_gmt":"2025-05-23T22:11:49","slug":"proyectos","status":"publish","type":"page","link":"https:\/\/laboratory-uc.urantiacos.cl\/es\/proyectos\/","title":{"rendered":"Proyectos"},"content":{"rendered":"<div id=\"pl-404\"  class=\"panel-layout\" ><div id=\"pg-404-0\"  class=\"container\" ><div class=\"row panel-row-style panel-row-style-for-404-0\" ><div id=\"pgc-404-0-0\"  class=\"col-12\" ><div id=\"panel-404-0-0-0\" class=\"so-panel widget widget_sow-proyectos-uc panel-first-child panel-last-child\" data-index=\"0\" ><div\n\t\t\t\n\t\t\tclass=\"so-widget-sow-proyectos-uc so-widget-sow-proyectos-uc-default-d75171398898-404\"\n\t\t\t\n\t\t>\n\n    \n<form action=\"#\" method=\"GET\">\n    <div class=\"uc-filters justify-content-between mb-20\">\n        <div class=\"uc-form-group label-inline no-margin w-100\">\n            <label for=\"keyword\">Palabra clave<\/label>\n            <input type=\"text\" name=\"keyword\" id=\"keyword\" class=\"uc-input-style w-icon search\" placeholder=\"Buscar\" value=\"\">\n        <\/div>\n        <div class=\"uc-form-group label-inline no-margin w-100\">\n            <label for=\"anio\">A\u00f1o<\/label>\n            <select name=\"anio\" id=\"anio\" class=\"uc-input-style\">\n                <option value=\"\">Todos<\/option>\n                                    <option value=\"2023\"  >2023<\/option>\n                                    <option value=\"2022\"  >2022<\/option>\n                                    <option value=\"2018\"  >2018<\/option>\n                                    <option value=\"2015\"  >2015<\/option>\n                                    <option value=\"2013\"  >2013<\/option>\n                                    <option value=\"2012\"  >2012<\/option>\n                                    <option value=\"2011\"  >2011<\/option>\n                            <\/select>\n        <\/div>\n        <div class=\"uc-form-group no-margin\">\n            <button type=\"submit\" class=\"uc-btn btn-primary\">Buscar<\/button>\n        <\/div>\n    <\/div>\n<\/form>\n    <div class=\"subheading-container my-24\"><h2 class=\"h3\"> Lista de proyectos    <\/h2><div class=\"uc-heading-decoration\"><\/div><\/div>\n\n\n    <div class=\"row\">\n                    <div class=\"col-md-4 col-sm-6 col-12 mb-32\">\n                <div class=\"uc-card card-height--same uc-card--no-interaction\">\n    <div class=\"uc-card_body\">\n        <h3 class=\"p text-size--sm text-weight--regular\">\n            Co-investigator in \u00abHomeMask: Desarrollo de Dispositivo de Fotolitograf\u00eda \u00d3ptica\u00a0sin M\u00e1scara\u00bb. <b>Actualmente activo<\/b>, VIU 24P0175, ANID        <\/h3>\n        <div class=\"uc-text-divider divider-primary my-12\"><\/div>\n        <!-- <p class=\"mt-auto\">\n            <a href=\"https:\/\/laboratory-uc.urantiacos.cl\/es\/proyecto\/co-investigator-in-homemask-desarrollo-de-dispositivo-de-fotolitografia-optica-sin-mascara-viu-24p0175-anid-currently-active\/\" class=\"uc-btn btn-primary\">\n                M\u00e1s Informaci\u00f3n                <i class=\"uc-icon icon-shape--rounded\">arrow_forward<\/i>\n            <\/a>\n        <\/p> -->\n    <\/div>\n<\/div>                            <\/div>\n                    <div class=\"col-md-4 col-sm-6 col-12 mb-32\">\n                <div class=\"uc-card card-height--same uc-card--no-interaction\">\n    <div class=\"uc-card_body\">\n        <h3 class=\"p text-size--sm text-weight--regular\">\n            Co-Investigator in project \u201cMillennium Institute in Green Ammonia as an Energy Vector (MIGA ICN2021-023)\u201d. <b>Actualmente activo<\/b>, ANID, Chile        <\/h3>\n        <div class=\"uc-text-divider divider-primary my-12\"><\/div>\n        <!-- <p class=\"mt-auto\">\n            <a href=\"https:\/\/laboratory-uc.urantiacos.cl\/es\/proyecto\/co-investigator-in-project-millennium-institute-in-green-ammonia-as-an-energy-vector-miga-icn2021-023-currently-active-anid-chile\/\" class=\"uc-btn btn-primary\">\n                M\u00e1s Informaci\u00f3n                <i class=\"uc-icon icon-shape--rounded\">arrow_forward<\/i>\n            <\/a>\n        <\/p> -->\n    <\/div>\n<\/div>                            <\/div>\n                    <div class=\"col-md-4 col-sm-6 col-12 mb-32\">\n                <div class=\"uc-card card-height--same uc-card--no-interaction\">\n    <div class=\"uc-card_body\">\n        <h3 class=\"p text-size--sm text-weight--regular\">\n            Principal Investigator in project \u201cInterdisciplinary study of the effects of hierarchical surface texturing on bacterial colonization onto stainless steel in marine environments\u201d. <b>Actualmente activo<\/b>, FONDECYT-REGULAR grant 1221476, Chile        <\/h3>\n        <div class=\"uc-text-divider divider-primary my-12\"><\/div>\n        <!-- <p class=\"mt-auto\">\n            <a href=\"https:\/\/laboratory-uc.urantiacos.cl\/es\/proyecto\/principal-investigator-in-project-interdisciplinary-study-of-the-effects-of-hierarchical-surface-texturing-on-bacterial-colonization-onto-stainless-steel-in-marine-environments\/\" class=\"uc-btn btn-primary\">\n                M\u00e1s Informaci\u00f3n                <i class=\"uc-icon icon-shape--rounded\">arrow_forward<\/i>\n            <\/a>\n        <\/p> -->\n    <\/div>\n<\/div>                            <\/div>\n                    <div class=\"col-md-4 col-sm-6 col-12 mb-32\">\n                <div class=\"uc-card card-height--same uc-card--no-interaction\">\n    <div class=\"uc-card_body\">\n        <h3 class=\"p text-size--sm text-weight--regular\">\n            Principal Investigator in project \u201cThermal stresses in nanocrystalline TiCN films grown by chemical vapor deposition techniques: effects of composition gradient profile and crystallographic texture\u201d. <b>marzo 2018\/marzo 2022<\/b>, FONDECYT-REGULAR grant 1180564, Chile        <\/h3>\n        <div class=\"uc-text-divider divider-primary my-12\"><\/div>\n        <!-- <p class=\"mt-auto\">\n            <a href=\"https:\/\/laboratory-uc.urantiacos.cl\/es\/proyecto\/principal-investigator-in-project-thermal-stresses-in-nanocrystalline-ticn-films-grown-by-chemical-vapor-deposition-techniques-effects-of-composition-gradient-profile-and-crystallographic-te\/\" class=\"uc-btn btn-primary\">\n                M\u00e1s Informaci\u00f3n                <i class=\"uc-icon icon-shape--rounded\">arrow_forward<\/i>\n            <\/a>\n        <\/p> -->\n    <\/div>\n<\/div>                            <\/div>\n                    <div class=\"col-md-4 col-sm-6 col-12 mb-32\">\n                <div class=\"uc-card card-height--same uc-card--no-interaction\">\n    <div class=\"uc-card_body\">\n        <h3 class=\"p text-size--sm text-weight--regular\">\n            Co-Investigator in project \u201cInterdisciplinary Evaluation of Surface Texturing by Multi-techniques as Sustainable Biofilm Control in Cu-Ni alloys Exposed to Seawater\u201d. <b>marzo 2018\/marzo 2021<\/b>, FONDECYT-REGULAR, grant 1181326, Chile        <\/h3>\n        <div class=\"uc-text-divider divider-primary my-12\"><\/div>\n        <!-- <p class=\"mt-auto\">\n            <a href=\"https:\/\/laboratory-uc.urantiacos.cl\/es\/proyecto\/co-investigator-in-project-interdisciplinary-evaluation-of-surface-texturing-by-multi-techniques-as-sustainable-biofilm-control-in-cu-ni-alloys-exposed-to-seawater-march-2018\/\" class=\"uc-btn btn-primary\">\n                M\u00e1s Informaci\u00f3n                <i class=\"uc-icon icon-shape--rounded\">arrow_forward<\/i>\n            <\/a>\n        <\/p> -->\n    <\/div>\n<\/div>                            <\/div>\n                    <div class=\"col-md-4 col-sm-6 col-12 mb-32\">\n                <div class=\"uc-card card-height--same uc-card--no-interaction\">\n    <div class=\"uc-card_body\">\n        <h3 class=\"p text-size--sm text-weight--regular\">\n            Co-Investigator in project \u201cTowards a more sustainable control of corrosion and biofilm growth on copper surfaces through laser surface patterning: a multi-technique evaluation\u201d. <b>marzo 2015\/marzo 2018<\/b>, FONDECYT-REGULAR grant 1150357, Chile        <\/h3>\n        <div class=\"uc-text-divider divider-primary my-12\"><\/div>\n        <!-- <p class=\"mt-auto\">\n            <a href=\"https:\/\/laboratory-uc.urantiacos.cl\/es\/proyecto\/co-investigator-in-project-towards-a-more-sustainable-control-of-corrosion-and-biofilm-growth-on-copper-surfaces-through-laser-surface-patterning-a-multi-technique-evaluation-march\/\" class=\"uc-btn btn-primary\">\n                M\u00e1s Informaci\u00f3n                <i class=\"uc-icon icon-shape--rounded\">arrow_forward<\/i>\n            <\/a>\n        <\/p> -->\n    <\/div>\n<\/div>                            <\/div>\n                    <div class=\"col-md-4 col-sm-6 col-12 mb-32\">\n                <div class=\"uc-card card-height--same uc-card--no-interaction\">\n    <div class=\"uc-card_body\">\n        <h3 class=\"p text-size--sm text-weight--regular\">\n            Co-Investigator in project \u201cDynamics of plasma and nanoparticle formations in single and multiple exploding wire experiments using shaped rectangular current pulses\u201d. <b>marzo 2015\/marzo 2017<\/b>, FONDECYT-REGULAR grant 1140950, Chile        <\/h3>\n        <div class=\"uc-text-divider divider-primary my-12\"><\/div>\n        <!-- <p class=\"mt-auto\">\n            <a href=\"https:\/\/laboratory-uc.urantiacos.cl\/es\/proyecto\/co-investigator-in-project-dynamics-of-plasma-and-nanoparticle-formations-in-single-and-multiple-exploding-wire-experiments-using-shaped-rectangular-current-pulses-march-2015\/\" class=\"uc-btn btn-primary\">\n                M\u00e1s Informaci\u00f3n                <i class=\"uc-icon icon-shape--rounded\">arrow_forward<\/i>\n            <\/a>\n        <\/p> -->\n    <\/div>\n<\/div>                            <\/div>\n                    <div class=\"col-md-4 col-sm-6 col-12 mb-32\">\n                <div class=\"uc-card card-height--same uc-card--no-interaction\">\n    <div class=\"uc-card_body\">\n        <h3 class=\"p text-size--sm text-weight--regular\">\n            Co-Investigator in project \u201cSurface Modifications for Advanced Applications-SUMA2 research net\u201d. <b>enero 2013\/enero 2017<\/b>, FP7-PEOPLE-2012-IRSES 318903, European Commission        <\/h3>\n        <div class=\"uc-text-divider divider-primary my-12\"><\/div>\n        <!-- <p class=\"mt-auto\">\n            <a href=\"https:\/\/laboratory-uc.urantiacos.cl\/es\/proyecto\/co-investigator-in-project-surface-modifications-for-advanced-applications-suma2-research-net-january-2013-january-2017-fp7-people-2012-irses-318903-european-commission\/\" class=\"uc-btn btn-primary\">\n                M\u00e1s Informaci\u00f3n                <i class=\"uc-icon icon-shape--rounded\">arrow_forward<\/i>\n            <\/a>\n        <\/p> -->\n    <\/div>\n<\/div>                            <\/div>\n                    <div class=\"col-md-4 col-sm-6 col-12 mb-32\">\n                <div class=\"uc-card card-height--same uc-card--no-interaction\">\n    <div class=\"uc-card_body\">\n        <h3 class=\"p text-size--sm text-weight--regular\">\n            Principal Investigator in project \u201cThermal evolution of microstructure and residual stresses in nanocrystalline wear-resistant coatings produced by vapor deposition\u201d. <b>octubre 2012\/octubre 2015<\/b>, FONDECYT-INICIO grant 11121630, Chile        <\/h3>\n        <div class=\"uc-text-divider divider-primary my-12\"><\/div>\n        <!-- <p class=\"mt-auto\">\n            <a href=\"https:\/\/laboratory-uc.urantiacos.cl\/es\/proyecto\/principal-investigator-in-project-thermal-evolution-of-microstructure-and-residual-stresses-in-nanocrystalline-wear-resistant-coatings-produced-by-vapor-deposition-october-2012\/\" class=\"uc-btn btn-primary\">\n                M\u00e1s Informaci\u00f3n                <i class=\"uc-icon icon-shape--rounded\">arrow_forward<\/i>\n            <\/a>\n        <\/p> -->\n    <\/div>\n<\/div>                            <\/div>\n            <\/div>\n\n            <nav class=\"uc-pagination\"><a class=\"page-link\" href=\"https:\/\/laboratory-uc.urantiacos.cl\/es\/wp-json\/wp\/v2\/pages\/404\/\"><i class=\"hero-icon\"><svg xmlns=\"http:\/\/www.w3.org\/2000\/svg\" class=\"h-6 w-6\" fill=\"none\" viewBox=\"0 0 24 24\" stroke=\"currentColor\" stroke-width=\"2\"><path stroke-linecap=\"round\" stroke-linejoin=\"round\" d=\"M15 19l-7-7 7-7\" \/><\/svg><\/i><\/a><ul class=\"uc-pagination_pages\"><li class=\"page-item active\"><a class=\"page-link\" href=\"https:\/\/laboratory-uc.urantiacos.cl\/es\/wp-json\/wp\/v2\/pages\/404\/\">1<\/a><\/li><li class=\"page-item\"><a class=\"page-link\" href=\"https:\/\/laboratory-uc.urantiacos.cl\/es\/wp-json\/wp\/v2\/pages\/404\/page\/2\/\">2<\/a><\/li><li class=\"uc-pagination_next\"><a class=\"page-link\" href=\"https:\/\/laboratory-uc.urantiacos.cl\/es\/wp-json\/wp\/v2\/pages\/404\/page\/2\/\"><i class=\"hero-icon\"><svg xmlns=\"http:\/\/www.w3.org\/2000\/svg\" class=\"h-6 w-6\" fill=\"none\" viewBox=\"0 0 24 24\" stroke=\"currentColor\" stroke-width=\"2\"><path stroke-linecap=\"round\" stroke-linejoin=\"round\" d=\"M9 5l7 7-7 7\" \/><\/svg><\/i><\/a><\/li><\/ul><\/nav>    \n<\/div><\/div><\/div><\/div><\/div><\/div>","protected":false},"excerpt":{"rendered":"","protected":false},"author":1,"featured_media":167,"parent":0,"menu_order":0,"comment_status":"closed","ping_status":"closed","template":"","meta":{"footnotes":""},"class_list":["post-404","page","type-page","status-publish","has-post-thumbnail","hentry"],"yoast_head":"<!-- This site is optimized with the Yoast SEO plugin v26.7 - https:\/\/yoast.com\/wordpress\/plugins\/seo\/ -->\n<title>Proyectos<\/title>\n<meta name=\"description\" content=\"Proyectos en el Laboratorio de Funcionalizaci\u00f3n de Superficies UC: explorar la investigaci\u00f3n interdisciplinaria en superficies de materiales, recubrimientos y texturizado l\u00e1ser para aplicaciones avanzadas.\" \/>\n<meta name=\"robots\" content=\"index, follow, max-snippet:-1, max-image-preview:large, max-video-preview:-1\" \/>\n<link rel=\"canonical\" href=\"https:\/\/laboratory-uc.urantiacos.cl\/es\/proyectos\/\" \/>\n<meta property=\"og:locale\" content=\"es_ES\" \/>\n<meta property=\"og:type\" content=\"article\" \/>\n<meta property=\"og:title\" content=\"Proyectos\" \/>\n<meta property=\"og:description\" content=\"Proyectos en el Laboratorio de Funcionalizaci\u00f3n de Superficies UC: explorar la investigaci\u00f3n interdisciplinaria en superficies de materiales, recubrimientos y texturizado l\u00e1ser para aplicaciones avanzadas.\" \/>\n<meta property=\"og:url\" content=\"https:\/\/laboratory-uc.urantiacos.cl\/es\/proyectos\/\" \/>\n<meta property=\"og:site_name\" content=\"Laboratorio de Funcionalizaci\u00f3n de Superficies\" \/>\n<meta property=\"og:image\" content=\"https:\/\/laboratory-uc.urantiacos.cl\/wp-content\/uploads\/2025\/05\/Projects.jpg\" \/>\n\t<meta property=\"og:image:width\" content=\"1440\" \/>\n\t<meta property=\"og:image:height\" content=\"446\" \/>\n\t<meta property=\"og:image:type\" content=\"image\/jpeg\" \/>\n<meta name=\"twitter:card\" content=\"summary_large_image\" \/>\n<script type=\"application\/ld+json\" class=\"yoast-schema-graph\">{\"@context\":\"https:\/\/schema.org\",\"@graph\":[{\"@type\":\"WebPage\",\"@id\":\"https:\/\/laboratory-uc.urantiacos.cl\/es\/proyectos\/\",\"url\":\"https:\/\/laboratory-uc.urantiacos.cl\/es\/proyectos\/\",\"name\":\"Proyectos\",\"isPartOf\":{\"@id\":\"https:\/\/laboratory-uc.urantiacos.cl\/es\/#website\"},\"primaryImageOfPage\":{\"@id\":\"https:\/\/laboratory-uc.urantiacos.cl\/es\/proyectos\/#primaryimage\"},\"image\":{\"@id\":\"https:\/\/laboratory-uc.urantiacos.cl\/es\/proyectos\/#primaryimage\"},\"thumbnailUrl\":\"https:\/\/laboratory-uc.urantiacos.cl\/wp-content\/uploads\/2025\/05\/Projects.jpg\",\"datePublished\":\"2025-05-23T22:11:49+00:00\",\"description\":\"Proyectos en el Laboratorio de Funcionalizaci\u00f3n de Superficies UC: explorar la investigaci\u00f3n interdisciplinaria en superficies de materiales, recubrimientos y texturizado l\u00e1ser para aplicaciones avanzadas.\",\"breadcrumb\":{\"@id\":\"https:\/\/laboratory-uc.urantiacos.cl\/es\/proyectos\/#breadcrumb\"},\"inLanguage\":\"es\",\"potentialAction\":[{\"@type\":\"ReadAction\",\"target\":[\"https:\/\/laboratory-uc.urantiacos.cl\/es\/proyectos\/\"]}]},{\"@type\":\"ImageObject\",\"inLanguage\":\"es\",\"@id\":\"https:\/\/laboratory-uc.urantiacos.cl\/es\/proyectos\/#primaryimage\",\"url\":\"https:\/\/laboratory-uc.urantiacos.cl\/wp-content\/uploads\/2025\/05\/Projects.jpg\",\"contentUrl\":\"https:\/\/laboratory-uc.urantiacos.cl\/wp-content\/uploads\/2025\/05\/Projects.jpg\",\"width\":1440,\"height\":446},{\"@type\":\"BreadcrumbList\",\"@id\":\"https:\/\/laboratory-uc.urantiacos.cl\/es\/proyectos\/#breadcrumb\",\"itemListElement\":[{\"@type\":\"ListItem\",\"position\":1,\"name\":\"Inicio\",\"item\":\"https:\/\/laboratory-uc.urantiacos.cl\/es\/inicio\/\"},{\"@type\":\"ListItem\",\"position\":2,\"name\":\"Proyectos\"}]},{\"@type\":\"WebSite\",\"@id\":\"https:\/\/laboratory-uc.urantiacos.cl\/es\/#website\",\"url\":\"https:\/\/laboratory-uc.urantiacos.cl\/es\/\",\"name\":\"Laboratorio de Funcionalizaci\u00f3n de Superficies\",\"description\":\"\",\"potentialAction\":[{\"@type\":\"SearchAction\",\"target\":{\"@type\":\"EntryPoint\",\"urlTemplate\":\"https:\/\/laboratory-uc.urantiacos.cl\/es\/?s={search_term_string}\"},\"query-input\":{\"@type\":\"PropertyValueSpecification\",\"valueRequired\":true,\"valueName\":\"search_term_string\"}}],\"inLanguage\":\"es\"}]}<\/script>\n<!-- \/ Yoast SEO plugin. -->","yoast_head_json":{"title":"Proyectos","description":"Proyectos en el Laboratorio de Funcionalizaci\u00f3n de Superficies UC: explorar la investigaci\u00f3n interdisciplinaria en superficies de materiales, recubrimientos y texturizado l\u00e1ser para aplicaciones avanzadas.","robots":{"index":"index","follow":"follow","max-snippet":"max-snippet:-1","max-image-preview":"max-image-preview:large","max-video-preview":"max-video-preview:-1"},"canonical":"https:\/\/laboratory-uc.urantiacos.cl\/es\/proyectos\/","og_locale":"es_ES","og_type":"article","og_title":"Proyectos","og_description":"Proyectos en el Laboratorio de Funcionalizaci\u00f3n de Superficies UC: explorar la investigaci\u00f3n interdisciplinaria en superficies de materiales, recubrimientos y texturizado l\u00e1ser para aplicaciones avanzadas.","og_url":"https:\/\/laboratory-uc.urantiacos.cl\/es\/proyectos\/","og_site_name":"Laboratorio de Funcionalizaci\u00f3n de Superficies","og_image":[{"width":1440,"height":446,"url":"https:\/\/laboratory-uc.urantiacos.cl\/wp-content\/uploads\/2025\/05\/Projects.jpg","type":"image\/jpeg"}],"twitter_card":"summary_large_image","schema":{"@context":"https:\/\/schema.org","@graph":[{"@type":"WebPage","@id":"https:\/\/laboratory-uc.urantiacos.cl\/es\/proyectos\/","url":"https:\/\/laboratory-uc.urantiacos.cl\/es\/proyectos\/","name":"Proyectos","isPartOf":{"@id":"https:\/\/laboratory-uc.urantiacos.cl\/es\/#website"},"primaryImageOfPage":{"@id":"https:\/\/laboratory-uc.urantiacos.cl\/es\/proyectos\/#primaryimage"},"image":{"@id":"https:\/\/laboratory-uc.urantiacos.cl\/es\/proyectos\/#primaryimage"},"thumbnailUrl":"https:\/\/laboratory-uc.urantiacos.cl\/wp-content\/uploads\/2025\/05\/Projects.jpg","datePublished":"2025-05-23T22:11:49+00:00","description":"Proyectos en el Laboratorio de Funcionalizaci\u00f3n de Superficies UC: explorar la investigaci\u00f3n interdisciplinaria en superficies de materiales, recubrimientos y texturizado l\u00e1ser para aplicaciones avanzadas.","breadcrumb":{"@id":"https:\/\/laboratory-uc.urantiacos.cl\/es\/proyectos\/#breadcrumb"},"inLanguage":"es","potentialAction":[{"@type":"ReadAction","target":["https:\/\/laboratory-uc.urantiacos.cl\/es\/proyectos\/"]}]},{"@type":"ImageObject","inLanguage":"es","@id":"https:\/\/laboratory-uc.urantiacos.cl\/es\/proyectos\/#primaryimage","url":"https:\/\/laboratory-uc.urantiacos.cl\/wp-content\/uploads\/2025\/05\/Projects.jpg","contentUrl":"https:\/\/laboratory-uc.urantiacos.cl\/wp-content\/uploads\/2025\/05\/Projects.jpg","width":1440,"height":446},{"@type":"BreadcrumbList","@id":"https:\/\/laboratory-uc.urantiacos.cl\/es\/proyectos\/#breadcrumb","itemListElement":[{"@type":"ListItem","position":1,"name":"Inicio","item":"https:\/\/laboratory-uc.urantiacos.cl\/es\/inicio\/"},{"@type":"ListItem","position":2,"name":"Proyectos"}]},{"@type":"WebSite","@id":"https:\/\/laboratory-uc.urantiacos.cl\/es\/#website","url":"https:\/\/laboratory-uc.urantiacos.cl\/es\/","name":"Laboratorio de Funcionalizaci\u00f3n de Superficies","description":"","potentialAction":[{"@type":"SearchAction","target":{"@type":"EntryPoint","urlTemplate":"https:\/\/laboratory-uc.urantiacos.cl\/es\/?s={search_term_string}"},"query-input":{"@type":"PropertyValueSpecification","valueRequired":true,"valueName":"search_term_string"}}],"inLanguage":"es"}]}},"_links":{"self":[{"href":"https:\/\/laboratory-uc.urantiacos.cl\/es\/wp-json\/wp\/v2\/pages\/404","targetHints":{"allow":["GET"]}}],"collection":[{"href":"https:\/\/laboratory-uc.urantiacos.cl\/es\/wp-json\/wp\/v2\/pages"}],"about":[{"href":"https:\/\/laboratory-uc.urantiacos.cl\/es\/wp-json\/wp\/v2\/types\/page"}],"author":[{"embeddable":true,"href":"https:\/\/laboratory-uc.urantiacos.cl\/es\/wp-json\/wp\/v2\/users\/1"}],"replies":[{"embeddable":true,"href":"https:\/\/laboratory-uc.urantiacos.cl\/es\/wp-json\/wp\/v2\/comments?post=404"}],"version-history":[{"count":0,"href":"https:\/\/laboratory-uc.urantiacos.cl\/es\/wp-json\/wp\/v2\/pages\/404\/revisions"}],"wp:featuredmedia":[{"embeddable":true,"href":"https:\/\/laboratory-uc.urantiacos.cl\/es\/wp-json\/wp\/v2\/media\/167"}],"wp:attachment":[{"href":"https:\/\/laboratory-uc.urantiacos.cl\/es\/wp-json\/wp\/v2\/media?parent=404"}],"curies":[{"name":"wp","href":"https:\/\/api.w.org\/{rel}","templated":true}]}}