{"id":408,"date":"2025-05-23T19:11:36","date_gmt":"2025-05-23T22:11:36","guid":{"rendered":"https:\/\/laboratory-uc.urantiacos.cl\/oportunidades-de-investigacion\/"},"modified":"2025-05-23T19:11:36","modified_gmt":"2025-05-23T22:11:36","slug":"oportunidades-de-investigacion","status":"publish","type":"page","link":"https:\/\/laboratory-uc.urantiacos.cl\/es\/oportunidades-de-investigacion\/","title":{"rendered":"Oportunidades de investigaci\u00f3n"},"content":{"rendered":"<div id=\"pl-408\"  class=\"panel-layout\" ><div class=\"mb-40\"><div id=\"pg-408-0\"  class=\"container\" ><div class=\"mb-40 row panel-row-style panel-row-style-for-408-0\" ><div id=\"pgc-408-0-0\"  class=\"col-12\" ><div id=\"panel-408-0-0-0\" class=\"so-panel widget widget_sow-editor panel-first-child\" data-index=\"0\" ><div\n\t\t\t\n\t\t\tclass=\"so-widget-sow-editor so-widget-sow-editor-base\"\n\t\t\t\n\t\t>\n<div class=\"siteorigin-widget-tinymce textwidget\">\n\t<div class=\"subheading-container mb-24\">\n<h2>Preguntas frecuentes<\/h2>\n<div class=\"uc-heading-decoration\"><\/div>\n<\/div>\n<\/div>\n<\/div><\/div><div id=\"panel-408-0-0-1\" class=\"so-panel widget widget_sow-acordeon-uc panel-last-child\" data-index=\"1\" ><div\n\t\t\t\n\t\t\tclass=\"so-widget-sow-acordeon-uc so-widget-sow-acordeon-uc-default-d75171398898-408\"\n\t\t\t\n\t\t>\n\n<div class=\"uc-accordion\" data-accordion>\n            <div class=\"uc-collapse uc-card\">\n            <button class=\"uc-collapse_heading\" data-collapse=\"collapse-uc-1-0\">\n                <h3>\u00bfC\u00f3mo puedo trabajar como t\u00e9cnico?<\/h3>\n                <span class=\"uc-btn btn-inline ml-auto\">\n                    <span class=\"d-none d-lg-block\">See more<\/span>\n                    <i class=\"uc-icon icon-shape--rounded\">keyboard_arrow_down<\/i>\n                <\/span>\n            <\/button>\n            <div class=\"uc-collapse_body\" data-toggle=\"collapse-uc-1-0\">\n                <div class=\"uc-card_body\">\n                    <p>Buscamos t\u00e9cnicos con experiencia en ciencias experimentales y disponibilidad para trabajar a tiempo parcial durante al menos un a\u00f1o. Las principales responsabilidades son: gestionar los recursos del laboratorio en colaboraci\u00f3n con el\/la responsable del laboratorio, planificar experimentos en colaboraci\u00f3n con el resto del equipo de investigaci\u00f3n, mantener el orden y la limpieza del laboratorio, y dirigir la formaci\u00f3n del nuevo personal sobre seguridad en el laboratorio y protocolos de sala limpia. Se dispone de apoyo financiero externo e interno.  <\/p>\n<p>Si est\u00e1 interesado, contactar al l\u00edder del Laboratorio, Prof. Esteban Ramos ( <a href=\"mailto:evramos@uc.cl\">evramos@uc.cl<\/a> ).<\/p>\n                <\/div>\n            <\/div>\n        <\/div>\n            <div class=\"uc-collapse uc-card\">\n            <button class=\"uc-collapse_heading\" data-collapse=\"collapse-uc-1-1\">\n                <h3>How can I work as undergraduate student?<\/h3>\n                <span class=\"uc-btn btn-inline ml-auto\">\n                    <span class=\"d-none d-lg-block\">See more<\/span>\n                    <i class=\"uc-icon icon-shape--rounded\">keyboard_arrow_down<\/i>\n                <\/span>\n            <\/button>\n            <div class=\"uc-collapse_body\" data-toggle=\"collapse-uc-1-1\">\n                <div class=\"uc-card_body\">\n                    <p>Buscamos estudiantes de grado de F\u00edsica, Qu\u00edmica, Biolog\u00eda o Ingenier\u00eda de diferentes universidades que deseen adquirir experiencia en investigaci\u00f3n interdisciplinaria. Recibir\u00e1s capacitaci\u00f3n sobre seguridad en el laboratorio y protocolos de sala limpia para aprender a trabajar de forma independiente y en colaboraci\u00f3n con el resto del equipo de investigaci\u00f3n. Puedes realizar pr\u00e1cticas con una duraci\u00f3n de entre un mes y un a\u00f1o, seg\u00fan tu condici\u00f3n de estudiante. Disponemos de apoyo financiero a trav\u00e9s de fuentes externas e internas.   <\/p>\n<p>Si est\u00e1 interesado, contactar al l\u00edder del Laboratorio, Prof. Esteban Ramos ( <a href=\"mailto:evramos@uc.cl\">evramos@uc.cl<\/a> ).<\/p>\n                <\/div>\n            <\/div>\n        <\/div>\n            <div class=\"uc-collapse uc-card\">\n            <button class=\"uc-collapse_heading\" data-collapse=\"collapse-uc-1-2\">\n                <h3>\u00bfC\u00f3mo puedo trabajar como estudiante de posgrado?<\/h3>\n                <span class=\"uc-btn btn-inline ml-auto\">\n                    <span class=\"d-none d-lg-block\">See more<\/span>\n                    <i class=\"uc-icon icon-shape--rounded\">keyboard_arrow_down<\/i>\n                <\/span>\n            <\/button>\n            <div class=\"uc-collapse_body\" data-toggle=\"collapse-uc-1-2\">\n                <div class=\"uc-card_body\">\n                    <p>Buscamos estudiantes de posgrado de F\u00edsica, Qu\u00edmica, Biolog\u00eda o Ingenier\u00eda de diferentes universidades que deseen desarrollar Proyectos de Tesis Interdisciplinarios. Recibir\u00e1n capacitaci\u00f3n sobre seguridad de laboratorio y protocolos de sala limpia para aprender a trabajar de forma independiente y en colaboraci\u00f3n con el resto del equipo de investigaci\u00f3n. Disponemos de apoyo financiero externo e interno.  <\/p>\n<p>Si est\u00e1 interesado, contactar al l\u00edder del Laboratorio, Prof. Esteban Ramos ( <a href=\"mailto:evramos@uc.cl\">evramos@uc.cl<\/a> ).<\/p>\n                <\/div>\n            <\/div>\n        <\/div>\n            <div class=\"uc-collapse uc-card\">\n            <button class=\"uc-collapse_heading\" data-collapse=\"collapse-uc-1-3\">\n                <h3>\u00bfC\u00f3mo puedo trabajar como investigador postdoctoral?<\/h3>\n                <span class=\"uc-btn btn-inline ml-auto\">\n                    <span class=\"d-none d-lg-block\">See more<\/span>\n                    <i class=\"uc-icon icon-shape--rounded\">keyboard_arrow_down<\/i>\n                <\/span>\n            <\/button>\n            <div class=\"uc-collapse_body\" data-toggle=\"collapse-uc-1-3\">\n                <div class=\"uc-card_body\">\n                    <p>Buscamos investigadores postdoctorales de F\u00edsica, Qu\u00edmica o Ingenier\u00eda con experiencia en Ciencia de Materiales, interesados en trabajar en proyectos de investigaci\u00f3n interdisciplinarios. Recibir\u00e1s capacitaci\u00f3n sobre seguridad en el laboratorio y protocolos de salas blancas para aprender a trabajar de forma independiente y en colaboraci\u00f3n con el resto del equipo de investigaci\u00f3n. Disponemos de apoyo financiero externo.  <\/p>\n<p>Si est\u00e1 interesado, contactar al l\u00edder del Laboratorio, Prof. Esteban Ramos (evramos@uc.cl).<\/p>\n                <\/div>\n            <\/div>\n        <\/div>\n    <\/div><\/div><\/div><\/div><\/div><\/div><\/div><\/div>","protected":false},"excerpt":{"rendered":"<p>Puedes desarrollar investigaci\u00f3n interdisciplinaria en el Laboratorio de Funcionalizaci\u00f3n de Superficies a trav\u00e9s de diversas modalidades y fuentes de apoyo financiero. Aceptamos tanto t\u00e9cnicos como investigadores de pregrado, posgrado y postdoctorado provenientes de programas de F\u00edsica, Qu\u00edmica, Biolog\u00eda o Ingenier\u00eda.<\/p>\n<p>Le invitamos a consultar la mejor manera de trabajar con nosotros en las siguientes preguntas frecuentes.  <\/p>\n","protected":false},"author":1,"featured_media":166,"parent":0,"menu_order":0,"comment_status":"closed","ping_status":"closed","template":"","meta":{"footnotes":""},"class_list":["post-408","page","type-page","status-publish","has-post-thumbnail","hentry"],"yoast_head":"<!-- This site is optimized with the Yoast SEO plugin v26.7 - https:\/\/yoast.com\/wordpress\/plugins\/seo\/ -->\n<title>Oportunidades de investigaci\u00f3n<\/title>\n<meta name=\"description\" content=\"Oportunidades de investigaci\u00f3n en el Laboratorio UC: \u00fanete a proyectos de vanguardia, accede a instalaciones de salas blancas y colabora en la innovaci\u00f3n en materiales y ciencia de superficies.\" \/>\n<meta name=\"robots\" content=\"index, follow, max-snippet:-1, max-image-preview:large, max-video-preview:-1\" \/>\n<link rel=\"canonical\" href=\"https:\/\/laboratory-uc.urantiacos.cl\/es\/oportunidades-de-investigacion\/\" \/>\n<meta property=\"og:locale\" content=\"es_ES\" \/>\n<meta property=\"og:type\" content=\"article\" \/>\n<meta property=\"og:title\" content=\"Oportunidades de investigaci\u00f3n\" \/>\n<meta property=\"og:description\" content=\"Oportunidades de investigaci\u00f3n en el Laboratorio UC: \u00fanete a proyectos de vanguardia, accede a instalaciones de salas blancas y colabora en la innovaci\u00f3n en materiales y ciencia de superficies.\" \/>\n<meta property=\"og:url\" content=\"https:\/\/laboratory-uc.urantiacos.cl\/es\/oportunidades-de-investigacion\/\" \/>\n<meta property=\"og:site_name\" content=\"Laboratorio de Funcionalizaci\u00f3n de Superficies\" \/>\n<meta property=\"og:image\" content=\"https:\/\/laboratory-uc.urantiacos.cl\/wp-content\/uploads\/2025\/05\/Research-opportunities.jpg\" \/>\n\t<meta property=\"og:image:width\" content=\"1440\" \/>\n\t<meta property=\"og:image:height\" content=\"446\" \/>\n\t<meta property=\"og:image:type\" content=\"image\/jpeg\" \/>\n<meta name=\"twitter:card\" content=\"summary_large_image\" \/>\n<script type=\"application\/ld+json\" class=\"yoast-schema-graph\">{\"@context\":\"https:\/\/schema.org\",\"@graph\":[{\"@type\":\"WebPage\",\"@id\":\"https:\/\/laboratory-uc.urantiacos.cl\/es\/oportunidades-de-investigacion\/\",\"url\":\"https:\/\/laboratory-uc.urantiacos.cl\/es\/oportunidades-de-investigacion\/\",\"name\":\"Oportunidades de investigaci\u00f3n\",\"isPartOf\":{\"@id\":\"https:\/\/laboratory-uc.urantiacos.cl\/es\/#website\"},\"primaryImageOfPage\":{\"@id\":\"https:\/\/laboratory-uc.urantiacos.cl\/es\/oportunidades-de-investigacion\/#primaryimage\"},\"image\":{\"@id\":\"https:\/\/laboratory-uc.urantiacos.cl\/es\/oportunidades-de-investigacion\/#primaryimage\"},\"thumbnailUrl\":\"https:\/\/laboratory-uc.urantiacos.cl\/wp-content\/uploads\/2025\/05\/Research-opportunities.jpg\",\"datePublished\":\"2025-05-23T22:11:36+00:00\",\"description\":\"Oportunidades de investigaci\u00f3n en el Laboratorio UC: \u00fanete a proyectos de vanguardia, accede a instalaciones de salas blancas y colabora en la innovaci\u00f3n en materiales y ciencia de superficies.\",\"breadcrumb\":{\"@id\":\"https:\/\/laboratory-uc.urantiacos.cl\/es\/oportunidades-de-investigacion\/#breadcrumb\"},\"inLanguage\":\"es\",\"potentialAction\":[{\"@type\":\"ReadAction\",\"target\":[\"https:\/\/laboratory-uc.urantiacos.cl\/es\/oportunidades-de-investigacion\/\"]}]},{\"@type\":\"ImageObject\",\"inLanguage\":\"es\",\"@id\":\"https:\/\/laboratory-uc.urantiacos.cl\/es\/oportunidades-de-investigacion\/#primaryimage\",\"url\":\"https:\/\/laboratory-uc.urantiacos.cl\/wp-content\/uploads\/2025\/05\/Research-opportunities.jpg\",\"contentUrl\":\"https:\/\/laboratory-uc.urantiacos.cl\/wp-content\/uploads\/2025\/05\/Research-opportunities.jpg\",\"width\":1440,\"height\":446},{\"@type\":\"BreadcrumbList\",\"@id\":\"https:\/\/laboratory-uc.urantiacos.cl\/es\/oportunidades-de-investigacion\/#breadcrumb\",\"itemListElement\":[{\"@type\":\"ListItem\",\"position\":1,\"name\":\"Inicio\",\"item\":\"https:\/\/laboratory-uc.urantiacos.cl\/es\/inicio\/\"},{\"@type\":\"ListItem\",\"position\":2,\"name\":\"Oportunidades de investigaci\u00f3n\"}]},{\"@type\":\"WebSite\",\"@id\":\"https:\/\/laboratory-uc.urantiacos.cl\/es\/#website\",\"url\":\"https:\/\/laboratory-uc.urantiacos.cl\/es\/\",\"name\":\"Laboratorio de Funcionalizaci\u00f3n de Superficies\",\"description\":\"\",\"potentialAction\":[{\"@type\":\"SearchAction\",\"target\":{\"@type\":\"EntryPoint\",\"urlTemplate\":\"https:\/\/laboratory-uc.urantiacos.cl\/es\/?s={search_term_string}\"},\"query-input\":{\"@type\":\"PropertyValueSpecification\",\"valueRequired\":true,\"valueName\":\"search_term_string\"}}],\"inLanguage\":\"es\"}]}<\/script>\n<!-- \/ Yoast SEO plugin. -->","yoast_head_json":{"title":"Oportunidades de investigaci\u00f3n","description":"Oportunidades de investigaci\u00f3n en el Laboratorio UC: \u00fanete a proyectos de vanguardia, accede a instalaciones de salas blancas y colabora en la innovaci\u00f3n en materiales y ciencia de superficies.","robots":{"index":"index","follow":"follow","max-snippet":"max-snippet:-1","max-image-preview":"max-image-preview:large","max-video-preview":"max-video-preview:-1"},"canonical":"https:\/\/laboratory-uc.urantiacos.cl\/es\/oportunidades-de-investigacion\/","og_locale":"es_ES","og_type":"article","og_title":"Oportunidades de investigaci\u00f3n","og_description":"Oportunidades de investigaci\u00f3n en el Laboratorio UC: \u00fanete a proyectos de vanguardia, accede a instalaciones de salas blancas y colabora en la innovaci\u00f3n en materiales y ciencia de superficies.","og_url":"https:\/\/laboratory-uc.urantiacos.cl\/es\/oportunidades-de-investigacion\/","og_site_name":"Laboratorio de Funcionalizaci\u00f3n de Superficies","og_image":[{"width":1440,"height":446,"url":"https:\/\/laboratory-uc.urantiacos.cl\/wp-content\/uploads\/2025\/05\/Research-opportunities.jpg","type":"image\/jpeg"}],"twitter_card":"summary_large_image","schema":{"@context":"https:\/\/schema.org","@graph":[{"@type":"WebPage","@id":"https:\/\/laboratory-uc.urantiacos.cl\/es\/oportunidades-de-investigacion\/","url":"https:\/\/laboratory-uc.urantiacos.cl\/es\/oportunidades-de-investigacion\/","name":"Oportunidades de investigaci\u00f3n","isPartOf":{"@id":"https:\/\/laboratory-uc.urantiacos.cl\/es\/#website"},"primaryImageOfPage":{"@id":"https:\/\/laboratory-uc.urantiacos.cl\/es\/oportunidades-de-investigacion\/#primaryimage"},"image":{"@id":"https:\/\/laboratory-uc.urantiacos.cl\/es\/oportunidades-de-investigacion\/#primaryimage"},"thumbnailUrl":"https:\/\/laboratory-uc.urantiacos.cl\/wp-content\/uploads\/2025\/05\/Research-opportunities.jpg","datePublished":"2025-05-23T22:11:36+00:00","description":"Oportunidades de investigaci\u00f3n en el Laboratorio UC: \u00fanete a proyectos de vanguardia, accede a instalaciones de salas blancas y colabora en la innovaci\u00f3n en materiales y ciencia de superficies.","breadcrumb":{"@id":"https:\/\/laboratory-uc.urantiacos.cl\/es\/oportunidades-de-investigacion\/#breadcrumb"},"inLanguage":"es","potentialAction":[{"@type":"ReadAction","target":["https:\/\/laboratory-uc.urantiacos.cl\/es\/oportunidades-de-investigacion\/"]}]},{"@type":"ImageObject","inLanguage":"es","@id":"https:\/\/laboratory-uc.urantiacos.cl\/es\/oportunidades-de-investigacion\/#primaryimage","url":"https:\/\/laboratory-uc.urantiacos.cl\/wp-content\/uploads\/2025\/05\/Research-opportunities.jpg","contentUrl":"https:\/\/laboratory-uc.urantiacos.cl\/wp-content\/uploads\/2025\/05\/Research-opportunities.jpg","width":1440,"height":446},{"@type":"BreadcrumbList","@id":"https:\/\/laboratory-uc.urantiacos.cl\/es\/oportunidades-de-investigacion\/#breadcrumb","itemListElement":[{"@type":"ListItem","position":1,"name":"Inicio","item":"https:\/\/laboratory-uc.urantiacos.cl\/es\/inicio\/"},{"@type":"ListItem","position":2,"name":"Oportunidades de investigaci\u00f3n"}]},{"@type":"WebSite","@id":"https:\/\/laboratory-uc.urantiacos.cl\/es\/#website","url":"https:\/\/laboratory-uc.urantiacos.cl\/es\/","name":"Laboratorio de Funcionalizaci\u00f3n de Superficies","description":"","potentialAction":[{"@type":"SearchAction","target":{"@type":"EntryPoint","urlTemplate":"https:\/\/laboratory-uc.urantiacos.cl\/es\/?s={search_term_string}"},"query-input":{"@type":"PropertyValueSpecification","valueRequired":true,"valueName":"search_term_string"}}],"inLanguage":"es"}]}},"_links":{"self":[{"href":"https:\/\/laboratory-uc.urantiacos.cl\/es\/wp-json\/wp\/v2\/pages\/408","targetHints":{"allow":["GET"]}}],"collection":[{"href":"https:\/\/laboratory-uc.urantiacos.cl\/es\/wp-json\/wp\/v2\/pages"}],"about":[{"href":"https:\/\/laboratory-uc.urantiacos.cl\/es\/wp-json\/wp\/v2\/types\/page"}],"author":[{"embeddable":true,"href":"https:\/\/laboratory-uc.urantiacos.cl\/es\/wp-json\/wp\/v2\/users\/1"}],"replies":[{"embeddable":true,"href":"https:\/\/laboratory-uc.urantiacos.cl\/es\/wp-json\/wp\/v2\/comments?post=408"}],"version-history":[{"count":0,"href":"https:\/\/laboratory-uc.urantiacos.cl\/es\/wp-json\/wp\/v2\/pages\/408\/revisions"}],"wp:featuredmedia":[{"embeddable":true,"href":"https:\/\/laboratory-uc.urantiacos.cl\/es\/wp-json\/wp\/v2\/media\/166"}],"wp:attachment":[{"href":"https:\/\/laboratory-uc.urantiacos.cl\/es\/wp-json\/wp\/v2\/media?parent=408"}],"curies":[{"name":"wp","href":"https:\/\/api.w.org\/{rel}","templated":true}]}}